{"id":2400,"date":"2020-02-19T15:50:12","date_gmt":"2020-02-19T14:50:12","guid":{"rendered":"http:\/\/dev.livetec.de\/contact\/"},"modified":"2025-09-25T16:25:45","modified_gmt":"2025-09-25T14:25:45","slug":"contact","status":"publish","type":"page","link":"https:\/\/www.livetec.de\/en\/contact\/","title":{"rendered":"Contact"},"content":{"rendered":"<div class=\"wpb-content-wrapper\"><p>[vc_row css=&#8221;.vc_custom_1509351079558{padding-top: 80px !important;padding-bottom: 100px !important;}&#8221; el_id=&#8221;about&#8221;][vc_column][vc_row_inner][vc_column_inner width=&#8221;2\/3&#8243;][vc_column_text]<\/p>\n<h2>Send us an inquiry<\/h2>\n<p>We look forward to you.<\/p>\n<p><noscript class=\"ninja-forms-noscript-message\">\n\tNotice: JavaScript is required for this content.<\/noscript>\n<div id=\"nf-form-3-cont\" class=\"nf-form-cont\" aria-live=\"polite\" aria-labelledby=\"nf-form-title-3\" aria-describedby=\"nf-form-errors-3\" role=\"form\">\n\n    <div class=\"nf-loading-spinner\"><\/div>\n\n<\/div>\n        <!-- That data is being printed as a workaround to page builders reordering the order of the scripts loaded-->\n        <script>var formDisplay=1;var nfForms=nfForms||[];var form=[];form.id='3';form.settings={\"objectType\":\"Form Setting\",\"editActive\":true,\"title\":\"Anfrage\",\"created_at\":\"2019-09-26 10:09:18\",\"default_label_pos\":\"above\",\"show_title\":\"0\",\"clear_complete\":\"1\",\"hide_complete\":\"1\",\"logged_in\":\"0\",\"wrapper_class\":\"\",\"element_class\":\"\",\"key\":\"\",\"add_submit\":\"1\",\"currency\":\"\",\"unique_field_error\":\"A form with this value has already been submitted.\",\"not_logged_in_msg\":\"\",\"sub_limit_msg\":\"The form has reached its submission limit.\",\"calculations\":[],\"formContentData\":[\"vorname_first_name_1582124051982\",\"nachname_last_name_1582124057548\",\"e-mail_1569421338481\",\"telefon_phone_optional_1582124063490\",\"html_1569485497332\",\"html_1569485445478\",\"spacer_1569481945926\",\"waehlen_sie_das_thema_ihrer_anfrage_choose_a_topic_1582124076805\",\"bitte_beschreiben_sie_uns_ihr_anliegen_kurz_please_describe_your_concerns_1582124202123\",\"html_1702033188453\",\"html_1702033192711\",\"senden_send_1582124223531\"],\"drawerDisabled\":false,\"changeEmailErrorMsg\":\"Please enter a valid email address!\",\"changeDateErrorMsg\":\"Please enter a valid date!\",\"confirmFieldErrorMsg\":\"These fields must match!\",\"fieldNumberNumMinError\":\"Number Min Error\",\"fieldNumberNumMaxError\":\"Number Max Error\",\"fieldNumberIncrementBy\":\"Please increment by \",\"formErrorsCorrectErrors\":\"Please correct errors before submitting this form.\",\"validateRequiredField\":\"This is a required field.\",\"honeypotHoneypotError\":\"Honeypot Error\",\"fieldsMarkedRequired\":\"Fields marked with an <span class=\\\"ninja-forms-req-symbol\\\">*<\\\/span> are required\",\"allow_public_link\":0,\"embed_form\":\"\",\"repeatable_fieldsets\":\"\",\"form_title_heading_level\":\"3\",\"ninjaForms\":\"Ninja Forms\",\"fieldTextareaRTEInsertLink\":\"Insert Link\",\"fieldTextareaRTEInsertMedia\":\"Insert Media\",\"fieldTextareaRTESelectAFile\":\"Select a file\",\"formHoneypot\":\"If you are a human seeing this field, please leave it empty.\",\"fileUploadOldCodeFileUploadInProgress\":\"File Upload in Progress.\",\"fileUploadOldCodeFileUpload\":\"FILE UPLOAD\",\"currencySymbol\":false,\"thousands_sep\":\",\",\"decimal_point\":\".\",\"siteLocale\":\"en_US\",\"dateFormat\":\"m\\\/d\\\/Y\",\"startOfWeek\":\"1\",\"of\":\"of\",\"previousMonth\":\"Previous Month\",\"nextMonth\":\"Next Month\",\"months\":[\"January\",\"February\",\"March\",\"April\",\"May\",\"June\",\"July\",\"August\",\"September\",\"October\",\"November\",\"December\"],\"monthsShort\":[\"Jan\",\"Feb\",\"Mar\",\"Apr\",\"May\",\"Jun\",\"Jul\",\"Aug\",\"Sep\",\"Oct\",\"Nov\",\"Dec\"],\"weekdays\":[\"Sunday\",\"Monday\",\"Tuesday\",\"Wednesday\",\"Thursday\",\"Friday\",\"Saturday\"],\"weekdaysShort\":[\"Sun\",\"Mon\",\"Tue\",\"Wed\",\"Thu\",\"Fri\",\"Sat\"],\"weekdaysMin\":[\"Su\",\"Mo\",\"Tu\",\"We\",\"Th\",\"Fr\",\"Sa\"],\"recaptchaConsentMissing\":\"reCaptcha validation couldn&#039;t load.\",\"recaptchaMissingCookie\":\"reCaptcha v3 validation couldn&#039;t load the cookie needed to submit the form.\",\"recaptchaConsentEvent\":\"Accept reCaptcha cookies before sending the form.\",\"currency_symbol\":\"\",\"beforeForm\":\"\",\"beforeFields\":\"\",\"afterFields\":\"\",\"afterForm\":\"\"};form.fields=[{\"objectType\":\"Field\",\"objectDomain\":\"fields\",\"editActive\":false,\"order\":1,\"idAttribute\":\"id\",\"label\":\"Vorname \\\/ First Name\",\"type\":\"firstname\",\"key\":\"vorname_first_name_1582124051982\",\"label_pos\":\"above\",\"required\":1,\"default\":\"\",\"placeholder\":\"\",\"container_class\":\"one-half first\",\"element_class\":\"\",\"admin_label\":\"\",\"help_text\":\"\",\"custom_name_attribute\":\"fname\",\"field_label\":\"Vorname\",\"field_key\":\"vorname_1569421326104\",\"personally_identifiable\":1,\"value\":\"\",\"drawerDisabled\":\"\",\"id\":38,\"beforeField\":\"\",\"afterField\":\"\",\"parentType\":\"firstname\",\"element_templates\":[\"firstname\",\"input\"],\"old_classname\":\"\",\"wrap_template\":\"wrap\"},{\"objectType\":\"Field\",\"objectDomain\":\"fields\",\"editActive\":false,\"order\":2,\"idAttribute\":\"id\",\"label\":\"Nachname \\\/ Last Name\",\"type\":\"lastname\",\"key\":\"nachname_last_name_1582124057548\",\"label_pos\":\"above\",\"required\":1,\"default\":\"\",\"placeholder\":\"\",\"container_class\":\"one-half second\",\"element_class\":\"\",\"admin_label\":\"\",\"help_text\":\"\",\"custom_name_attribute\":\"lname\",\"field_label\":\"Nachname\",\"field_key\":\"nachname_1569421331967\",\"personally_identifiable\":1,\"value\":\"\",\"drawerDisabled\":\"\",\"id\":39,\"beforeField\":\"\",\"afterField\":\"\",\"parentType\":\"lastname\",\"element_templates\":[\"lastname\",\"input\"],\"old_classname\":\"\",\"wrap_template\":\"wrap\"},{\"objectType\":\"Field\",\"objectDomain\":\"fields\",\"editActive\":false,\"order\":3,\"idAttribute\":\"id\",\"label\":\"E-Mail\",\"type\":\"email\",\"key\":\"e-mail_1569421338481\",\"label_pos\":\"above\",\"required\":1,\"default\":\"\",\"placeholder\":\"\",\"container_class\":\"\",\"element_class\":\"\",\"admin_label\":\"\",\"help_text\":\"\",\"custom_name_attribute\":\"email\",\"field_label\":\"E-Mail\",\"field_key\":\"e-mail_1569421338481\",\"personally_identifiable\":1,\"value\":\"\",\"drawerDisabled\":\"\",\"id\":40,\"beforeField\":\"\",\"afterField\":\"\",\"parentType\":\"email\",\"element_templates\":[\"email\",\"input\"],\"old_classname\":\"\",\"wrap_template\":\"wrap\"},{\"objectType\":\"Field\",\"objectDomain\":\"fields\",\"editActive\":false,\"order\":4,\"idAttribute\":\"id\",\"label\":\"Telefon \\\/ Phone (optional)\",\"type\":\"phone\",\"key\":\"telefon_phone_optional_1582124063490\",\"label_pos\":\"above\",\"required\":\"\",\"default\":\"\",\"placeholder\":\"\",\"container_class\":\"\",\"element_class\":\"\",\"input_limit\":\"\",\"input_limit_type\":\"characters\",\"input_limit_msg\":\"Character(s) left\",\"manual_key\":\"\",\"admin_label\":\"\",\"help_text\":\"\",\"mask\":\"\",\"custom_mask\":\"\",\"custom_name_attribute\":\"phone\",\"field_label\":\"Telefon (optional)\",\"field_key\":\"telefon_optional_1569421349888\",\"personally_identifiable\":1,\"value\":\"\",\"drawerDisabled\":\"\",\"id\":41,\"beforeField\":\"\",\"afterField\":\"\",\"parentType\":\"textbox\",\"element_templates\":[\"tel\",\"textbox\",\"input\"],\"old_classname\":\"\",\"wrap_template\":\"wrap\"},{\"objectType\":\"Field\",\"objectDomain\":\"fields\",\"editActive\":false,\"order\":5,\"idAttribute\":\"id\",\"label\":\"Spacer Copy\",\"type\":\"html\",\"default\":\"<p><br><\\\/p>\\n\",\"container_class\":\"\",\"element_class\":\"\",\"key\":\"html_1569485497332\",\"drawerDisabled\":false,\"field_label\":\"Spacer\",\"field_key\":\"spacer_1569481945926\",\"id\":54,\"beforeField\":\"\",\"afterField\":\"\",\"value\":\"<p><br><\\\/p>\\n\",\"label_pos\":\"above\",\"parentType\":\"html\",\"element_templates\":[\"html\",\"input\"],\"old_classname\":\"\",\"wrap_template\":\"wrap\"},{\"objectType\":\"Field\",\"objectDomain\":\"fields\",\"editActive\":false,\"order\":6,\"idAttribute\":\"id\",\"type\":\"html\",\"label\":\"\",\"default\":\"<h3>Ihr Anliegen \\\/ your request<br><\\\/h3>\",\"container_class\":\"\",\"element_class\":\"\",\"key\":\"html_1569485445478\",\"drawerDisabled\":false,\"id\":55,\"beforeField\":\"\",\"afterField\":\"\",\"value\":\"<h3>Ihr Anliegen \\\/ your request<br><\\\/h3>\",\"label_pos\":\"above\",\"parentType\":\"html\",\"element_templates\":[\"html\",\"input\"],\"old_classname\":\"\",\"wrap_template\":\"wrap\"},{\"objectType\":\"Field\",\"objectDomain\":\"fields\",\"editActive\":false,\"order\":7,\"idAttribute\":\"id\",\"label\":\"Spacer\",\"type\":\"html\",\"default\":\"<p><br><\\\/p>\\n\",\"container_class\":\"\",\"element_class\":\"\",\"key\":\"spacer_1569481945926\",\"drawerDisabled\":false,\"field_label\":\"Spacer\",\"field_key\":\"spacer_1569481945926\",\"id\":37,\"beforeField\":\"\",\"afterField\":\"\",\"value\":\"<p><br><\\\/p>\\n\",\"label_pos\":\"above\",\"parentType\":\"html\",\"element_templates\":[\"html\",\"input\"],\"old_classname\":\"\",\"wrap_template\":\"wrap\"},{\"objectType\":\"Field\",\"objectDomain\":\"fields\",\"editActive\":false,\"order\":8,\"idAttribute\":\"id\",\"label\":\"W\\u00e4hlen Sie das Thema Ihrer Anfrage \\\/ Choose a Topic\",\"type\":\"listselect\",\"key\":\"waehlen_sie_das_thema_ihrer_anfrage_choose_a_topic_1582124076805\",\"label_pos\":\"above\",\"required\":1,\"options\":[{\"errors\":[],\"max_options\":0,\"label\":\"Frage zu einem Produkt \\\/ Question about a Product\",\"value\":\"frage-zu-einem-produkt-question-about-a-product\",\"calc\":\"\",\"selected\":0,\"order\":0,\"settingModel\":{\"settings\":false,\"hide_merge_tags\":false,\"error\":false,\"name\":\"options\",\"type\":\"option-repeater\",\"label\":\"Optionen <a href=\\\"#\\\" class=\\\"nf-add-new\\\">Erstellen<\\\/a> <a href=\\\"#\\\" class=\\\"extra nf-open-import-tooltip\\\"><i class=\\\"fa fa-sign-in\\\" aria-hidden=\\\"true\\\"><\\\/i> Importieren<\\\/a>\",\"width\":\"full\",\"group\":\"\",\"value\":[{\"label\":\"Eins\",\"value\":\"eins\",\"calc\":\"\",\"selected\":0,\"order\":0},{\"label\":\"Zwei\",\"value\":\"zwei\",\"calc\":\"\",\"selected\":0,\"order\":1},{\"label\":\"Drei\",\"value\":\"drei\",\"calc\":\"\",\"selected\":0,\"order\":2}],\"columns\":{\"label\":{\"header\":\"Beschriftung\",\"default\":\"\"},\"value\":{\"header\":\"Wert\",\"default\":\"\"},\"calc\":{\"header\":\"Berechneter Wert\",\"default\":\"\"},\"selected\":{\"header\":\"<span class=\\\"dashicons dashicons-yes\\\"><\\\/span>\",\"default\":0}}}},{\"errors\":[],\"max_options\":0,\"order\":1,\"new\":false,\"options\":[],\"label\":\"Messe \\\/ Ausstellung \\\/ Trade Fair \\\/ Exhibition\",\"value\":\"messe-ausstellung-trade-fair-exhibition\",\"calc\":\"\",\"selected\":0,\"settingModel\":{\"settings\":false,\"hide_merge_tags\":false,\"error\":false,\"name\":\"options\",\"type\":\"option-repeater\",\"label\":\"Optionen <a href=\\\"#\\\" class=\\\"nf-add-new\\\">Erstellen<\\\/a> <a href=\\\"#\\\" class=\\\"extra nf-open-import-tooltip\\\"><i class=\\\"fa fa-sign-in\\\" aria-hidden=\\\"true\\\"><\\\/i> Importieren<\\\/a>\",\"width\":\"full\",\"group\":\"\",\"value\":[{\"label\":\"Eins\",\"value\":\"eins\",\"calc\":\"\",\"selected\":0,\"order\":0},{\"label\":\"Zwei\",\"value\":\"zwei\",\"calc\":\"\",\"selected\":0,\"order\":1},{\"label\":\"Drei\",\"value\":\"drei\",\"calc\":\"\",\"selected\":0,\"order\":2}],\"columns\":{\"label\":{\"header\":\"Beschriftung\",\"default\":\"\"},\"value\":{\"header\":\"Wert\",\"default\":\"\"},\"calc\":{\"header\":\"Berechneter Wert\",\"default\":\"\"},\"selected\":{\"header\":\"<span class=\\\"dashicons dashicons-yes\\\"><\\\/span>\",\"default\":0}}}},{\"errors\":[],\"max_options\":0,\"label\":\"Technikfrage \\\/ Technology\",\"value\":\"technikfrage-technology\",\"calc\":\"\",\"selected\":0,\"order\":2,\"settingModel\":{\"settings\":false,\"hide_merge_tags\":false,\"error\":false,\"name\":\"options\",\"type\":\"option-repeater\",\"label\":\"Optionen <a href=\\\"#\\\" class=\\\"nf-add-new\\\">Erstellen<\\\/a> <a href=\\\"#\\\" class=\\\"extra nf-open-import-tooltip\\\"><i class=\\\"fa fa-sign-in\\\" aria-hidden=\\\"true\\\"><\\\/i> Importieren<\\\/a>\",\"width\":\"full\",\"group\":\"\",\"value\":[{\"label\":\"Eins\",\"value\":\"eins\",\"calc\":\"\",\"selected\":0,\"order\":0},{\"label\":\"Zwei\",\"value\":\"zwei\",\"calc\":\"\",\"selected\":0,\"order\":1},{\"label\":\"Drei\",\"value\":\"drei\",\"calc\":\"\",\"selected\":0,\"order\":2}],\"columns\":{\"label\":{\"header\":\"Beschriftung\",\"default\":\"\"},\"value\":{\"header\":\"Wert\",\"default\":\"\"},\"calc\":{\"header\":\"Berechneter Wert\",\"default\":\"\"},\"selected\":{\"header\":\"<span class=\\\"dashicons dashicons-yes\\\"><\\\/span>\",\"default\":0}}}},{\"errors\":[],\"max_options\":0,\"order\":3,\"new\":false,\"options\":[],\"label\":\"Serviceleistung \\\/ Service\",\"value\":\"serviceleistung-service\",\"calc\":\"\",\"selected\":0,\"settingModel\":{\"settings\":false,\"hide_merge_tags\":false,\"error\":false,\"name\":\"options\",\"type\":\"option-repeater\",\"label\":\"Optionen <a href=\\\"#\\\" class=\\\"nf-add-new\\\">Erstellen<\\\/a> <a href=\\\"#\\\" class=\\\"extra nf-open-import-tooltip\\\"><i class=\\\"fa fa-sign-in\\\" aria-hidden=\\\"true\\\"><\\\/i> Importieren<\\\/a>\",\"width\":\"full\",\"group\":\"\",\"value\":[{\"label\":\"Eins\",\"value\":\"eins\",\"calc\":\"\",\"selected\":0,\"order\":0},{\"label\":\"Zwei\",\"value\":\"zwei\",\"calc\":\"\",\"selected\":0,\"order\":1},{\"label\":\"Drei\",\"value\":\"drei\",\"calc\":\"\",\"selected\":0,\"order\":2}],\"columns\":{\"label\":{\"header\":\"Beschriftung\",\"default\":\"\"},\"value\":{\"header\":\"Wert\",\"default\":\"\"},\"calc\":{\"header\":\"Berechneter Wert\",\"default\":\"\"},\"selected\":{\"header\":\"<span class=\\\"dashicons dashicons-yes\\\"><\\\/span>\",\"default\":0}}}},{\"errors\":[],\"max_options\":0,\"label\":\"Sonstiges \\\/ Other\",\"value\":\"sonstiges-other\",\"calc\":\"\",\"selected\":0,\"order\":4,\"settingModel\":{\"settings\":false,\"hide_merge_tags\":false,\"error\":false,\"name\":\"options\",\"type\":\"option-repeater\",\"label\":\"Optionen <a href=\\\"#\\\" class=\\\"nf-add-new\\\">Erstellen<\\\/a> <a href=\\\"#\\\" class=\\\"extra nf-open-import-tooltip\\\"><i class=\\\"fa fa-sign-in\\\" aria-hidden=\\\"true\\\"><\\\/i> Importieren<\\\/a>\",\"width\":\"full\",\"group\":\"\",\"value\":[{\"label\":\"Eins\",\"value\":\"eins\",\"calc\":\"\",\"selected\":0,\"order\":0},{\"label\":\"Zwei\",\"value\":\"zwei\",\"calc\":\"\",\"selected\":0,\"order\":1},{\"label\":\"Drei\",\"value\":\"drei\",\"calc\":\"\",\"selected\":0,\"order\":2}],\"columns\":{\"label\":{\"header\":\"Beschriftung\",\"default\":\"\"},\"value\":{\"header\":\"Wert\",\"default\":\"\"},\"calc\":{\"header\":\"Berechneter Wert\",\"default\":\"\"},\"selected\":{\"header\":\"<span class=\\\"dashicons dashicons-yes\\\"><\\\/span>\",\"default\":0}}}}],\"container_class\":\"\",\"element_class\":\"\",\"admin_label\":\"\",\"help_text\":\"\",\"drawerDisabled\":false,\"id\":56,\"beforeField\":\"\",\"afterField\":\"\",\"value\":\"\",\"parentType\":\"list\",\"element_templates\":[\"listselect\",\"input\"],\"old_classname\":\"list-select\",\"wrap_template\":\"wrap\"},{\"objectType\":\"Field\",\"objectDomain\":\"fields\",\"editActive\":false,\"order\":9,\"idAttribute\":\"id\",\"label\":\"Bitte beschreiben Sie uns ihr Anliegen kurz. \\\/  Please describe your concerns.\",\"type\":\"textarea\",\"key\":\"bitte_beschreiben_sie_uns_ihr_anliegen_kurz_please_describe_your_concerns_1582124202123\",\"label_pos\":\"above\",\"required\":1,\"default\":\"\",\"placeholder\":\"\",\"container_class\":\"\",\"element_class\":\"\",\"input_limit\":\"\",\"input_limit_type\":\"characters\",\"input_limit_msg\":\"Zeichen \\u00fcbrig\",\"manual_key\":false,\"admin_label\":\"\",\"help_text\":\"\",\"textarea_rte\":\"\",\"disable_rte_mobile\":\"\",\"textarea_media\":\"\",\"value\":\"\",\"drawerDisabled\":false,\"id\":57,\"beforeField\":\"\",\"afterField\":\"\",\"parentType\":\"textarea\",\"element_templates\":[\"textarea\",\"input\"],\"old_classname\":\"\",\"wrap_template\":\"wrap\"},{\"objectType\":\"Field\",\"objectDomain\":\"fields\",\"editActive\":false,\"order\":10,\"idAttribute\":\"id\",\"label\":\"Spacer Copy\",\"type\":\"html\",\"default\":\"<p><br><\\\/p>\\n\",\"container_class\":\"\",\"element_class\":\"\",\"key\":\"html_1702033188453\",\"drawerDisabled\":false,\"field_label\":\"Spacer\",\"field_key\":\"spacer_1569481945926\",\"id\":126,\"beforeField\":\"\",\"afterField\":\"\",\"value\":\"<p><br><\\\/p>\\n\",\"label_pos\":\"above\",\"parentType\":\"html\",\"element_templates\":[\"html\",\"input\"],\"old_classname\":\"\",\"wrap_template\":\"wrap\"},{\"objectType\":\"Field\",\"objectDomain\":\"fields\",\"editActive\":false,\"order\":11,\"idAttribute\":\"id\",\"type\":\"html\",\"label\":\"\",\"default\":\"<p>Hinweis \\\/ Note:<\\\/p>\\n<p>Wir verwenden Ihre pers\\u00f6nlichen Daten nur zwecks der Kontaktaufnahme, weitere Informationen finden Sie in den <a href=\\\"https:\\\/\\\/www.livetec.de\\\/datenschutz\\\/\\\">Datenschutzhinweisen<\\\/a>. \\\/ We only use your personal data for the purpose of contacting you. For further information, please refer to the <a href=\\\"https:\\\/\\\/www.livetec.de\\\/datenschutz\\\/\\\">privacy policy<\\\/a>.<\\\/p>\",\"container_class\":\"\",\"element_class\":\"\",\"key\":\"html_1702033192711\",\"drawerDisabled\":false,\"id\":127,\"beforeField\":\"\",\"afterField\":\"\",\"value\":\"<p>Hinweis \\\/ Note:<\\\/p>\\n<p>Wir verwenden Ihre pers\\u00f6nlichen Daten nur zwecks der Kontaktaufnahme, weitere Informationen finden Sie in den <a href=\\\"https:\\\/\\\/www.livetec.de\\\/datenschutz\\\/\\\">Datenschutzhinweisen<\\\/a>. \\\/ We only use your personal data for the purpose of contacting you. For further information, please refer to the <a href=\\\"https:\\\/\\\/www.livetec.de\\\/datenschutz\\\/\\\">privacy policy<\\\/a>.<\\\/p>\",\"label_pos\":\"above\",\"parentType\":\"html\",\"element_templates\":[\"html\",\"input\"],\"old_classname\":\"\",\"wrap_template\":\"wrap\"},{\"objectType\":\"Field\",\"objectDomain\":\"fields\",\"editActive\":false,\"order\":12,\"idAttribute\":\"id\",\"type\":\"submit\",\"label\":\"senden \\\/ send\",\"processing_label\":\"verarbeite...\",\"container_class\":\"\",\"element_class\":\"\",\"key\":\"senden_send_1582124223531\",\"field_label\":\"Bewerbung senden\",\"field_key\":\"bewerbung_senden_1569421381746\",\"drawerDisabled\":false,\"id\":45,\"beforeField\":\"\",\"afterField\":\"\",\"value\":\"\",\"label_pos\":\"above\",\"parentType\":\"textbox\",\"element_templates\":[\"submit\",\"button\",\"input\"],\"old_classname\":\"\",\"wrap_template\":\"wrap-no-label\"}];nfForms.push(form);<\/script>\n        [\/vc_column_text][vc_empty_space height=&#8221;25px&#8221;][\/vc_column_inner][vc_column_inner width=&#8221;1\/3&#8243;][vc_column_text css=&#8221;&#8221;]<\/p>\n<h2>Address<\/h2>\n<p><b>Branch office and postal address<\/b><br \/>\nlivetec Ingenieurb\u00fcro GmbH<br \/>\nWiesentalstr. 74<br \/>\n79539 L\u00f6rrach<\/p>\n<p><b>head office<\/b><br \/>\nlivetec Ingenieurb\u00fcro GmbH<br \/>\nMarie-Curie-Str. 8<br \/>\n79539 L\u00f6rrach<\/p>\n<p>Telefon:\u00a00049 (0) 76 21 \/ 16 18 96 &#8211; 0<br \/>\nTelefax:\u00a0\u00a00049 (0) 76 21 \/ 16 18 96 &#8211; 86<br \/>\nE-Mail: \u00a0\u00a0<a href=\"mailto:info@livetec.de?subject=Anfrage%20\u00fcber%20die%20Website%20\">info@livetec.de<\/a><\/p>\n<p><strong>Directions:<br \/>\n<\/strong><a href=\"https:\/\/www.openstreetmap.org\/way\/92089299\" target=\"_blank\" rel=\"noopener noreferrer\">opensstreetmap route planner<\/a>[\/vc_column_text][\/vc_column_inner][\/vc_row_inner][vc_row_inner][vc_column_inner][vc_empty_space height=&#8221;50px&#8221;][\/vc_column_inner][\/vc_row_inner][vc_row_inner][vc_column_inner width=&#8221;2\/3&#8243;][\/vc_column_inner][vc_column_inner width=&#8221;1\/3&#8243;][\/vc_column_inner][\/vc_row_inner][\/vc_column][\/vc_row]<\/p>\n<\/div>","protected":false},"excerpt":{"rendered":"<p>[vc_row css=&#8221;.vc_custom_1509351079558{padding-top: 80px !important;padding-bottom: 100px !important;}&#8221; el_id=&#8221;about&#8221;][vc_column][vc_row_inner][vc_column_inner width=&#8221;2\/3&#8243;][vc_column_text] Send us an inquiry We look forward to you. [\/vc_column_text][vc_empty_space height=&#8221;25px&#8221;][\/vc_column_inner][vc_column_inner width=&#8221;1\/3&#8243;][vc_column_text css=&#8221;&#8221;] Address Branch office and postal address livetec Ingenieurb\u00fcro GmbH Wiesentalstr. 74 79539 L\u00f6rrach head office livetec Ingenieurb\u00fcro GmbH Marie-Curie-Str. 8 79539 L\u00f6rrach Telefon:\u00a00049 (0) 76 21 \/ 16 18 96 &#8211; 0 Telefax:\u00a0\u00a00049 (0)&hellip;<\/p>\n","protected":false},"author":1,"featured_media":0,"parent":0,"menu_order":0,"comment_status":"closed","ping_status":"closed","template":"","meta":{"footnotes":"","_links_to":"","_links_to_target":""},"class_list":["post-2400","page","type-page","status-publish","hentry","description-off"],"yoast_head":"<!-- This site is optimized with the Yoast SEO plugin v27.3 - https:\/\/yoast.com\/product\/yoast-seo-wordpress\/ -->\n<title>Contact - livetec<\/title>\n<meta name=\"robots\" content=\"index, follow, max-snippet:-1, max-image-preview:large, max-video-preview:-1\" \/>\n<link rel=\"canonical\" href=\"https:\/\/www.livetec.de\/en\/contact\/\" \/>\n<meta property=\"og:locale\" content=\"en_US\" \/>\n<meta property=\"og:type\" content=\"article\" \/>\n<meta property=\"og:title\" content=\"Contact - livetec\" \/>\n<meta property=\"og:description\" content=\"[vc_row css=&#8221;.vc_custom_1509351079558{padding-top: 80px !important;padding-bottom: 100px !important;}&#8221; el_id=&#8221;about&#8221;][vc_column][vc_row_inner][vc_column_inner width=&#8221;2\/3&#8243;][vc_column_text] Send us an inquiry We look forward to you. [\/vc_column_text][vc_empty_space height=&#8221;25px&#8221;][\/vc_column_inner][vc_column_inner width=&#8221;1\/3&#8243;][vc_column_text css=&#8221;&#8221;] Address Branch office and postal address livetec Ingenieurb\u00fcro GmbH Wiesentalstr. 74 79539 L\u00f6rrach head office livetec Ingenieurb\u00fcro GmbH Marie-Curie-Str. 8 79539 L\u00f6rrach Telefon:\u00a00049 (0) 76 21 \/ 16 18 96 &#8211; 0 Telefax:\u00a0\u00a00049 (0)&hellip;\" \/>\n<meta property=\"og:url\" content=\"https:\/\/www.livetec.de\/en\/contact\/\" \/>\n<meta property=\"og:site_name\" content=\"livetec\" \/>\n<meta property=\"article:modified_time\" content=\"2025-09-25T14:25:45+00:00\" \/>\n<meta name=\"twitter:card\" content=\"summary_large_image\" \/>\n<meta name=\"twitter:label1\" content=\"Est. reading time\" \/>\n\t<meta name=\"twitter:data1\" content=\"1 minute\" \/>\n<script type=\"application\/ld+json\" class=\"yoast-schema-graph\">{\"@context\":\"https:\\\/\\\/schema.org\",\"@graph\":[{\"@type\":\"WebPage\",\"@id\":\"https:\\\/\\\/www.livetec.de\\\/en\\\/contact\\\/\",\"url\":\"https:\\\/\\\/www.livetec.de\\\/en\\\/contact\\\/\",\"name\":\"Contact - livetec\",\"isPartOf\":{\"@id\":\"https:\\\/\\\/www.livetec.de\\\/en\\\/#website\"},\"datePublished\":\"2020-02-19T14:50:12+00:00\",\"dateModified\":\"2025-09-25T14:25:45+00:00\",\"breadcrumb\":{\"@id\":\"https:\\\/\\\/www.livetec.de\\\/en\\\/contact\\\/#breadcrumb\"},\"inLanguage\":\"en-US\",\"potentialAction\":[{\"@type\":\"ReadAction\",\"target\":[\"https:\\\/\\\/www.livetec.de\\\/en\\\/contact\\\/\"]}]},{\"@type\":\"BreadcrumbList\",\"@id\":\"https:\\\/\\\/www.livetec.de\\\/en\\\/contact\\\/#breadcrumb\",\"itemListElement\":[{\"@type\":\"ListItem\",\"position\":1,\"name\":\"Startseite\",\"item\":\"https:\\\/\\\/www.livetec.de\\\/en\\\/\"},{\"@type\":\"ListItem\",\"position\":2,\"name\":\"Contact\"}]},{\"@type\":\"WebSite\",\"@id\":\"https:\\\/\\\/www.livetec.de\\\/en\\\/#website\",\"url\":\"https:\\\/\\\/www.livetec.de\\\/en\\\/\",\"name\":\"livetec\",\"description\":\"living technology\",\"potentialAction\":[{\"@type\":\"SearchAction\",\"target\":{\"@type\":\"EntryPoint\",\"urlTemplate\":\"https:\\\/\\\/www.livetec.de\\\/en\\\/?s={search_term_string}\"},\"query-input\":{\"@type\":\"PropertyValueSpecification\",\"valueRequired\":true,\"valueName\":\"search_term_string\"}}],\"inLanguage\":\"en-US\"}]}<\/script>\n<!-- \/ Yoast SEO plugin. -->","yoast_head_json":{"title":"Contact - livetec","robots":{"index":"index","follow":"follow","max-snippet":"max-snippet:-1","max-image-preview":"max-image-preview:large","max-video-preview":"max-video-preview:-1"},"canonical":"https:\/\/www.livetec.de\/en\/contact\/","og_locale":"en_US","og_type":"article","og_title":"Contact - livetec","og_description":"[vc_row css=&#8221;.vc_custom_1509351079558{padding-top: 80px !important;padding-bottom: 100px !important;}&#8221; el_id=&#8221;about&#8221;][vc_column][vc_row_inner][vc_column_inner width=&#8221;2\/3&#8243;][vc_column_text] Send us an inquiry We look forward to you. [\/vc_column_text][vc_empty_space height=&#8221;25px&#8221;][\/vc_column_inner][vc_column_inner width=&#8221;1\/3&#8243;][vc_column_text css=&#8221;&#8221;] Address Branch office and postal address livetec Ingenieurb\u00fcro GmbH Wiesentalstr. 74 79539 L\u00f6rrach head office livetec Ingenieurb\u00fcro GmbH Marie-Curie-Str. 8 79539 L\u00f6rrach Telefon:\u00a00049 (0) 76 21 \/ 16 18 96 &#8211; 0 Telefax:\u00a0\u00a00049 (0)&hellip;","og_url":"https:\/\/www.livetec.de\/en\/contact\/","og_site_name":"livetec","article_modified_time":"2025-09-25T14:25:45+00:00","twitter_card":"summary_large_image","twitter_misc":{"Est. reading time":"1 minute"},"schema":{"@context":"https:\/\/schema.org","@graph":[{"@type":"WebPage","@id":"https:\/\/www.livetec.de\/en\/contact\/","url":"https:\/\/www.livetec.de\/en\/contact\/","name":"Contact - livetec","isPartOf":{"@id":"https:\/\/www.livetec.de\/en\/#website"},"datePublished":"2020-02-19T14:50:12+00:00","dateModified":"2025-09-25T14:25:45+00:00","breadcrumb":{"@id":"https:\/\/www.livetec.de\/en\/contact\/#breadcrumb"},"inLanguage":"en-US","potentialAction":[{"@type":"ReadAction","target":["https:\/\/www.livetec.de\/en\/contact\/"]}]},{"@type":"BreadcrumbList","@id":"https:\/\/www.livetec.de\/en\/contact\/#breadcrumb","itemListElement":[{"@type":"ListItem","position":1,"name":"Startseite","item":"https:\/\/www.livetec.de\/en\/"},{"@type":"ListItem","position":2,"name":"Contact"}]},{"@type":"WebSite","@id":"https:\/\/www.livetec.de\/en\/#website","url":"https:\/\/www.livetec.de\/en\/","name":"livetec","description":"living technology","potentialAction":[{"@type":"SearchAction","target":{"@type":"EntryPoint","urlTemplate":"https:\/\/www.livetec.de\/en\/?s={search_term_string}"},"query-input":{"@type":"PropertyValueSpecification","valueRequired":true,"valueName":"search_term_string"}}],"inLanguage":"en-US"}]}},"_links":{"self":[{"href":"https:\/\/www.livetec.de\/en\/wp-json\/wp\/v2\/pages\/2400","targetHints":{"allow":["GET"]}}],"collection":[{"href":"https:\/\/www.livetec.de\/en\/wp-json\/wp\/v2\/pages"}],"about":[{"href":"https:\/\/www.livetec.de\/en\/wp-json\/wp\/v2\/types\/page"}],"author":[{"embeddable":true,"href":"https:\/\/www.livetec.de\/en\/wp-json\/wp\/v2\/users\/1"}],"replies":[{"embeddable":true,"href":"https:\/\/www.livetec.de\/en\/wp-json\/wp\/v2\/comments?post=2400"}],"version-history":[{"count":18,"href":"https:\/\/www.livetec.de\/en\/wp-json\/wp\/v2\/pages\/2400\/revisions"}],"predecessor-version":[{"id":3706,"href":"https:\/\/www.livetec.de\/en\/wp-json\/wp\/v2\/pages\/2400\/revisions\/3706"}],"wp:attachment":[{"href":"https:\/\/www.livetec.de\/en\/wp-json\/wp\/v2\/media?parent=2400"}],"curies":[{"name":"wp","href":"https:\/\/api.w.org\/{rel}","templated":true}]}}